{"id":38523,"date":"2025-02-21T13:17:00","date_gmt":"2025-02-21T13:17:00","guid":{"rendered":"https:\/\/\u200bnew.iter.es\/group-entities\/"},"modified":"2025-05-27T14:48:35","modified_gmt":"2025-05-27T14:48:35","slug":"group-entities","status":"publish","type":"page","link":"https:\/\/www.iter.es\/en\/group-entities\/","title":{"rendered":"Group entities"},"content":{"rendered":"\t\t<div data-elementor-type=\"wp-page\" data-elementor-id=\"38523\" class=\"elementor elementor-38523 elementor-132\" data-elementor-post-type=\"page\">\n\t\t\t\t<div class=\"elementor-element elementor-element-c3fddf0 e-flex e-con-boxed e-con e-parent\" data-id=\"c3fddf0\" data-element_type=\"container\" data-e-type=\"container\">\n\t\t\t\t\t<div class=\"e-con-inner\">\n\t\t<div class=\"elementor-element elementor-element-013d3a0 e-con-full e-flex e-con e-child\" data-id=\"013d3a0\" data-element_type=\"container\" data-e-type=\"container\">\n\t\t\t\t<div class=\"elementor-element elementor-element-b75b9b6 elementor-widget elementor-widget-heading\" data-id=\"b75b9b6\" data-element_type=\"widget\" data-e-type=\"widget\" data-widget_type=\"heading.default\">\n\t\t\t\t<div class=\"elementor-widget-container\">\n\t\t\t\t\t<h1 class=\"elementor-heading-title elementor-size-default\">Group entities<\/h1>\t\t\t\t<\/div>\n\t\t\t\t<\/div>\n\t\t\t\t<div class=\"elementor-element elementor-element-b4de882 elementor-widget elementor-widget-heading\" data-id=\"b4de882\" data-element_type=\"widget\" data-e-type=\"widget\" data-widget_type=\"heading.default\">\n\t\t\t\t<div class=\"elementor-widget-container\">\n\t\t\t\t\t<h2 class=\"elementor-heading-title elementor-size-default\">The ITER Group<\/h2>\t\t\t\t<\/div>\n\t\t\t\t<\/div>\n\t\t\t\t<div class=\"elementor-element elementor-element-b260c19 elementor-widget elementor-widget-text-editor\" data-id=\"b260c19\" data-element_type=\"widget\" data-e-type=\"widget\" data-widget_type=\"text-editor.default\">\n\t\t\t\t<div class=\"elementor-widget-container\">\n\t\t\t\t\t\t\t\t\t<p>It is made up of 9 entities in which ITER has different percentages of participation. These entities are: the Tenerife Energy Agency (AIET), E\u00f3licas de Tenerife, Energ\u00eda Verde de la Macaronesia (EVM), EVM2 Energ\u00edas Renovables and SOLTEN II Granadilla, in the field of energy; Canarias Submarine Link (CanaLink) and Instituto Tecnol\u00f3gico de Telecomunicaciones de Tenerife (IT<sup>3<\/sup>), in the telecommunications sector; and the Instituto Volcanol\u00f3gico de Canarias (INVOLCAN), in the field of volcanology.<\/p>\t\t\t\t\t\t\t\t<\/div>\n\t\t\t\t<\/div>\n\t\t\t\t<\/div>\n\t\t<div class=\"elementor-element elementor-element-4d0c8f3 e-con-full e-flex e-con e-child\" data-id=\"4d0c8f3\" data-element_type=\"container\" data-e-type=\"container\">\n\t\t\t\t<div class=\"elementor-element elementor-element-6e0df2e elementor-widget elementor-widget-image\" data-id=\"6e0df2e\" data-element_type=\"widget\" data-e-type=\"widget\" data-widget_type=\"image.default\">\n\t\t\t\t<div class=\"elementor-widget-container\">\n\t\t\t\t\t\t\t\t\t\t\t\t\t\t\t<img fetchpriority=\"high\" decoding=\"async\" class=\"attachment-full size-full wp-image-36387 lazyload\" width=\"1100\" height=\"550\" src=\"data:image\/svg+xml;base64,PHN2ZyB2aWV3Qm94PScwIDAgMTEwMCA1NTAnIHhtbG5zPSdodHRwOi8vd3d3LnczLm9yZy8yMDAwL3N2Zyc+PC9zdmc+\" alt srcset=\"https:\/\/www.iter.es\/wp-content\/uploads\/2025\/02\/Iter_vista_parques_eolicos.jpg 1100w, https:\/\/www.iter.es\/wp-content\/uploads\/2025\/02\/Iter_vista_parques_eolicos-300x150.jpg 300w, https:\/\/www.iter.es\/wp-content\/uploads\/2025\/02\/Iter_vista_parques_eolicos-1024x512.jpg 1024w, https:\/\/www.iter.es\/wp-content\/uploads\/2025\/02\/Iter_vista_parques_eolicos-768x384.jpg 768w, https:\/\/www.iter.es\/wp-content\/uploads\/2025\/02\/Iter_vista_parques_eolicos-150x75.jpg 150w, https:\/\/www.iter.es\/wp-content\/uploads\/2025\/02\/Iter_vista_parques_eolicos-450x225.jpg 450w\" sizes=\"(max-width: 1100px) 100vw, 1100px\" data-src=\"https:\/\/www.iter.es\/wp-content\/uploads\/2025\/02\/Iter_vista_parques_eolicos.jpg\" \/>\t\t\t\t\t\t\t\t\t\t\t\t\t\t\t<\/div>\n\t\t\t\t<\/div>\n\t\t\t\t<\/div>\n\t\t\t\t\t<\/div>\n\t\t\t\t<\/div>\n\t\t<div class=\"elementor-element elementor-element-d2542a5 e-flex e-con-boxed e-con e-parent\" data-id=\"d2542a5\" data-element_type=\"container\" data-e-type=\"container\" data-settings=\"{&quot;background_background&quot;:&quot;classic&quot;,&quot;background_sd_background&quot;:&quot;classic&quot;}\">\n\t\t\t\t\t<div class=\"e-con-inner\">\n\t\t<div class=\"elementor-element elementor-element-2ab9384 e-con-full e-flex e-con e-child\" data-id=\"2ab9384\" data-element_type=\"container\" data-e-type=\"container\">\n\t\t<a class=\"elementor-element elementor-element-8d02158 e-con-full e-flex e-con e-child\" data-id=\"8d02158\" data-element_type=\"container\" data-e-type=\"container\" href=\"https:\/\/\u200bwww.iter.es\/en\/\" target=\"_blank\" rel=\"nofollow\">\n\t\t\t\t<div class=\"elementor-element elementor-element-b44d9e8 elementor-widget elementor-widget-counter\" data-id=\"b44d9e8\" data-element_type=\"widget\" data-e-type=\"widget\" data-widget_type=\"counter.default\">\n\t\t\t\t<div class=\"elementor-widget-container\">\n\t\t\t\t\t\t\t<div class=\"elementor-counter\">\n\t\t\t<div class=\"elementor-counter-title\">Instituto Tecnol\u00f3gico y de Energ\u00edas Renovables, S.A.<\/div>\t\t\t<div class=\"elementor-counter-number-wrapper\">\n\t\t\t\t<span class=\"elementor-counter-number-prefix\"><\/span>\n\t\t\t\t<span class=\"elementor-counter-number\" data-duration=\"2000\" data-to-value=\"100\" data-from-value=\"0\" data-delimiter=\",\">0<\/span>\n\t\t\t\t<span class=\"elementor-counter-number-suffix\">% participation<\/span>\n\t\t\t<\/div>\n\t\t<\/div>\n\t\t\t\t\t\t<\/div>\n\t\t\t\t<\/div>\n\t\t\t\t<div class=\"elementor-element elementor-element-c931283 elementor-widget elementor-widget-text-editor\" data-id=\"c931283\" data-element_type=\"widget\" data-e-type=\"widget\" data-widget_type=\"text-editor.default\">\n\t\t\t\t<div class=\"elementor-widget-container\">\n\t\t\t\t\t\t\t\t\t<p>TOTAL ASSETS: 205.51M \u20ac<\/p>\t\t\t\t\t\t\t\t<\/div>\n\t\t\t\t<\/div>\n\t\t\t\t<\/a>\n\t\t<a class=\"elementor-element elementor-element-350a160 e-con-full e-flex e-con e-child\" data-id=\"350a160\" data-element_type=\"container\" data-e-type=\"container\" href=\"https:\/\/www.canalink.tel\/\" target=\"_blank\" rel=\"nofollow\">\n\t\t\t\t<div class=\"elementor-element elementor-element-95a94cd elementor-widget elementor-widget-counter\" data-id=\"95a94cd\" data-element_type=\"widget\" data-e-type=\"widget\" data-widget_type=\"counter.default\">\n\t\t\t\t<div class=\"elementor-widget-container\">\n\t\t\t\t\t\t\t<div class=\"elementor-counter\">\n\t\t\t<div class=\"elementor-counter-title\">CanaLink<\/div>\t\t\t<div class=\"elementor-counter-number-wrapper\">\n\t\t\t\t<span class=\"elementor-counter-number-prefix\"><\/span>\n\t\t\t\t<span class=\"elementor-counter-number\" data-duration=\"2000\" data-to-value=\"100\" data-from-value=\"0\" data-delimiter=\",\">0<\/span>\n\t\t\t\t<span class=\"elementor-counter-number-suffix\">% participation<\/span>\n\t\t\t<\/div>\n\t\t<\/div>\n\t\t\t\t\t\t<\/div>\n\t\t\t\t<\/div>\n\t\t\t\t<div class=\"elementor-element elementor-element-871b41b elementor-widget elementor-widget-text-editor\" data-id=\"871b41b\" data-element_type=\"widget\" data-e-type=\"widget\" data-widget_type=\"text-editor.default\">\n\t\t\t\t<div class=\"elementor-widget-container\">\n\t\t\t\t\t\t\t\t\t<p>TOTAL ASSETS:138.80M \u20ac<\/p>\t\t\t\t\t\t\t\t<\/div>\n\t\t\t\t<\/div>\n\t\t\t\t<\/a>\n\t\t<a class=\"elementor-element elementor-element-4545fcf e-con-full e-flex e-con e-child\" data-id=\"4545fcf\" data-element_type=\"container\" data-e-type=\"container\" href=\"http:\/\/www.it3telecom.es\/\" target=\"_blank\" rel=\"nofollow\">\n\t\t\t\t<div class=\"elementor-element elementor-element-5d00f4d elementor-widget elementor-widget-counter\" data-id=\"5d00f4d\" data-element_type=\"widget\" data-e-type=\"widget\" data-widget_type=\"counter.default\">\n\t\t\t\t<div class=\"elementor-widget-container\">\n\t\t\t\t\t\t\t<div class=\"elementor-counter\">\n\t\t\t<div class=\"elementor-counter-title\">IT3<\/div>\t\t\t<div class=\"elementor-counter-number-wrapper\">\n\t\t\t\t<span class=\"elementor-counter-number-prefix\"><\/span>\n\t\t\t\t<span class=\"elementor-counter-number\" data-duration=\"2000\" data-to-value=\"100\" data-from-value=\"0\" data-delimiter=\",\">0<\/span>\n\t\t\t\t<span class=\"elementor-counter-number-suffix\">% participation<\/span>\n\t\t\t<\/div>\n\t\t<\/div>\n\t\t\t\t\t\t<\/div>\n\t\t\t\t<\/div>\n\t\t\t\t<div class=\"elementor-element elementor-element-3db09cb elementor-widget elementor-widget-text-editor\" data-id=\"3db09cb\" data-element_type=\"widget\" data-e-type=\"widget\" data-widget_type=\"text-editor.default\">\n\t\t\t\t<div class=\"elementor-widget-container\">\n\t\t\t\t\t\t\t\t\t<p>TOTAL ASSETS: 34.76M \u20ac<\/p>\t\t\t\t\t\t\t\t<\/div>\n\t\t\t\t<\/div>\n\t\t\t\t<\/a>\n\t\t\t\t<\/div>\n\t\t\t\t\t<\/div>\n\t\t\t\t<\/div>\n\t\t<div class=\"elementor-element elementor-element-86a73da e-flex e-con-boxed e-con e-parent\" data-id=\"86a73da\" data-element_type=\"container\" data-e-type=\"container\" data-settings=\"{&quot;background_background&quot;:&quot;classic&quot;,&quot;background_sd_background&quot;:&quot;classic&quot;}\">\n\t\t\t\t\t<div class=\"e-con-inner\">\n\t\t<div class=\"elementor-element elementor-element-201b13f e-con-full e-flex e-con e-child\" data-id=\"201b13f\" data-element_type=\"container\" data-e-type=\"container\">\n\t\t<a class=\"elementor-element elementor-element-be9c094 e-con-full e-flex e-con e-child\" data-id=\"be9c094\" data-element_type=\"container\" data-e-type=\"container\" href=\"http:\/\/www.involcan.org\/\" target=\"_blank\" rel=\"nofollow\">\n\t\t\t\t<div class=\"elementor-element elementor-element-a818d9d elementor-widget elementor-widget-counter\" data-id=\"a818d9d\" data-element_type=\"widget\" data-e-type=\"widget\" data-widget_type=\"counter.default\">\n\t\t\t\t<div class=\"elementor-widget-container\">\n\t\t\t\t\t\t\t<div class=\"elementor-counter\">\n\t\t\t<div class=\"elementor-counter-title\">Involcan<\/div>\t\t\t<div class=\"elementor-counter-number-wrapper\">\n\t\t\t\t<span class=\"elementor-counter-number-prefix\"><\/span>\n\t\t\t\t<span class=\"elementor-counter-number\" data-duration=\"2000\" data-to-value=\"100\" data-from-value=\"0\" data-delimiter=\",\">0<\/span>\n\t\t\t\t<span class=\"elementor-counter-number-suffix\">% participation<\/span>\n\t\t\t<\/div>\n\t\t<\/div>\n\t\t\t\t\t\t<\/div>\n\t\t\t\t<\/div>\n\t\t\t\t<div class=\"elementor-element elementor-element-d6bdd6a elementor-widget elementor-widget-text-editor\" data-id=\"d6bdd6a\" data-element_type=\"widget\" data-e-type=\"widget\" data-widget_type=\"text-editor.default\">\n\t\t\t\t<div class=\"elementor-widget-container\">\n\t\t\t\t\t\t\t\t\t<p>TOTAL ASSETS: 5.51M \u20ac<\/p>\t\t\t\t\t\t\t\t<\/div>\n\t\t\t\t<\/div>\n\t\t\t\t<\/a>\n\t\t<div class=\"elementor-element elementor-element-1948b6b e-con-full e-flex e-con e-child\" data-id=\"1948b6b\" data-element_type=\"container\" data-e-type=\"container\">\n\t\t\t\t<div class=\"elementor-element elementor-element-1df4efe elementor-widget elementor-widget-counter\" data-id=\"1df4efe\" data-element_type=\"widget\" data-e-type=\"widget\" data-widget_type=\"counter.default\">\n\t\t\t\t<div class=\"elementor-widget-container\">\n\t\t\t\t\t\t\t<div class=\"elementor-counter\">\n\t\t\t<div class=\"elementor-counter-title\">E\u00f3licas de Tenerife<\/div>\t\t\t<div class=\"elementor-counter-number-wrapper\">\n\t\t\t\t<span class=\"elementor-counter-number-prefix\"><\/span>\n\t\t\t\t<span class=\"elementor-counter-number\" data-duration=\"2000\" data-to-value=\"50\" data-from-value=\"0\" data-delimiter=\",\">0<\/span>\n\t\t\t\t<span class=\"elementor-counter-number-suffix\">% participation<\/span>\n\t\t\t<\/div>\n\t\t<\/div>\n\t\t\t\t\t\t<\/div>\n\t\t\t\t<\/div>\n\t\t\t\t<div class=\"elementor-element elementor-element-f13895c elementor-widget elementor-widget-text-editor\" data-id=\"f13895c\" data-element_type=\"widget\" data-e-type=\"widget\" data-widget_type=\"text-editor.default\">\n\t\t\t\t<div class=\"elementor-widget-container\">\n\t\t\t\t\t\t\t\t\t<p>TOTAL ASSETS: 2.35M \u20ac<\/p>\t\t\t\t\t\t\t\t<\/div>\n\t\t\t\t<\/div>\n\t\t\t\t<\/div>\n\t\t<a class=\"elementor-element elementor-element-bdc9bed e-con-full e-flex e-con e-child\" data-id=\"bdc9bed\" data-element_type=\"container\" data-e-type=\"container\" href=\"http:\/\/www.it3telecom.es\/\" target=\"_blank\" rel=\"nofollow\">\n\t\t\t\t<div class=\"elementor-element elementor-element-ea1c9be elementor-widget elementor-widget-counter\" data-id=\"ea1c9be\" data-element_type=\"widget\" data-e-type=\"widget\" data-widget_type=\"counter.default\">\n\t\t\t\t<div class=\"elementor-widget-container\">\n\t\t\t\t\t\t\t<div class=\"elementor-counter\">\n\t\t\t<div class=\"elementor-counter-title\">Energ\u00eda Verde de la Macaronesia<\/div>\t\t\t<div class=\"elementor-counter-number-wrapper\">\n\t\t\t\t<span class=\"elementor-counter-number-prefix\"><\/span>\n\t\t\t\t<span class=\"elementor-counter-number\" data-duration=\"2000\" data-to-value=\"39.94\" data-from-value=\"0\" data-delimiter=\",\">0<\/span>\n\t\t\t\t<span class=\"elementor-counter-number-suffix\">% participation<\/span>\n\t\t\t<\/div>\n\t\t<\/div>\n\t\t\t\t\t\t<\/div>\n\t\t\t\t<\/div>\n\t\t\t\t<div class=\"elementor-element elementor-element-e568264 elementor-widget elementor-widget-text-editor\" data-id=\"e568264\" data-element_type=\"widget\" data-e-type=\"widget\" data-widget_type=\"text-editor.default\">\n\t\t\t\t<div class=\"elementor-widget-container\">\n\t\t\t\t\t\t\t\t\t<p>TOTAL ASSETS: 13.29M \u20ac<\/p>\t\t\t\t\t\t\t\t<\/div>\n\t\t\t\t<\/div>\n\t\t\t\t<\/a>\n\t\t\t\t<\/div>\n\t\t\t\t\t<\/div>\n\t\t\t\t<\/div>\n\t\t<div class=\"elementor-element elementor-element-3ba6925 e-flex e-con-boxed e-con e-parent\" data-id=\"3ba6925\" data-element_type=\"container\" data-e-type=\"container\" data-settings=\"{&quot;background_background&quot;:&quot;classic&quot;,&quot;background_sd_background&quot;:&quot;classic&quot;}\">\n\t\t\t\t\t<div class=\"e-con-inner\">\n\t\t<div class=\"elementor-element elementor-element-62f74d6 e-con-full e-flex e-con e-child\" data-id=\"62f74d6\" data-element_type=\"container\" data-e-type=\"container\">\n\t\t<a class=\"elementor-element elementor-element-f124ebb e-con-full e-flex e-con e-child\" data-id=\"f124ebb\" data-element_type=\"container\" data-e-type=\"container\" href=\"https:\/\/\u200bwww.iter.es\/en\/\" target=\"_blank\" rel=\"nofollow\">\n\t\t\t\t<div class=\"elementor-element elementor-element-b9f3301 elementor-widget elementor-widget-counter\" data-id=\"b9f3301\" data-element_type=\"widget\" data-e-type=\"widget\" data-widget_type=\"counter.default\">\n\t\t\t\t<div class=\"elementor-widget-container\">\n\t\t\t\t\t\t\t<div class=\"elementor-counter\">\n\t\t\t<div class=\"elementor-counter-title\">EVM2 Energ\u00edas Renovables<\/div>\t\t\t<div class=\"elementor-counter-number-wrapper\">\n\t\t\t\t<span class=\"elementor-counter-number-prefix\"><\/span>\n\t\t\t\t<span class=\"elementor-counter-number\" data-duration=\"2000\" data-to-value=\"30\" data-from-value=\"0\" data-delimiter=\",\">0<\/span>\n\t\t\t\t<span class=\"elementor-counter-number-suffix\">% participation<\/span>\n\t\t\t<\/div>\n\t\t<\/div>\n\t\t\t\t\t\t<\/div>\n\t\t\t\t<\/div>\n\t\t\t\t<div class=\"elementor-element elementor-element-69d9587 elementor-widget elementor-widget-text-editor\" data-id=\"69d9587\" data-element_type=\"widget\" data-e-type=\"widget\" data-widget_type=\"text-editor.default\">\n\t\t\t\t<div class=\"elementor-widget-container\">\n\t\t\t\t\t\t\t\t\t<p>TOTAL ASSETS: 27.02M \u20ac<\/p>\t\t\t\t\t\t\t\t<\/div>\n\t\t\t\t<\/div>\n\t\t\t\t<\/a>\n\t\t<a class=\"elementor-element elementor-element-c6bb098 e-con-full e-flex e-con e-child\" data-id=\"c6bb098\" data-element_type=\"container\" data-e-type=\"container\" href=\"http:\/\/www.agenergia.org\/\" target=\"_blank\" rel=\"nofollow\">\n\t\t\t\t<div class=\"elementor-element elementor-element-98a7df0 elementor-widget elementor-widget-counter\" data-id=\"98a7df0\" data-element_type=\"widget\" data-e-type=\"widget\" data-widget_type=\"counter.default\">\n\t\t\t\t<div class=\"elementor-widget-container\">\n\t\t\t\t\t\t\t<div class=\"elementor-counter\">\n\t\t\t<div class=\"elementor-counter-title\">AIET<\/div>\t\t\t<div class=\"elementor-counter-number-wrapper\">\n\t\t\t\t<span class=\"elementor-counter-number-prefix\"><\/span>\n\t\t\t\t<span class=\"elementor-counter-number\" data-duration=\"2000\" data-to-value=\"23.5\" data-from-value=\"0\" data-delimiter=\",\">0<\/span>\n\t\t\t\t<span class=\"elementor-counter-number-suffix\">% participation<\/span>\n\t\t\t<\/div>\n\t\t<\/div>\n\t\t\t\t\t\t<\/div>\n\t\t\t\t<\/div>\n\t\t\t\t<div class=\"elementor-element elementor-element-dece817 elementor-widget elementor-widget-text-editor\" data-id=\"dece817\" data-element_type=\"widget\" data-e-type=\"widget\" data-widget_type=\"text-editor.default\">\n\t\t\t\t<div class=\"elementor-widget-container\">\n\t\t\t\t\t\t\t\t\t<p>TOTAL ASSETS: 0.21M \u20ac<\/p>\t\t\t\t\t\t\t\t<\/div>\n\t\t\t\t<\/div>\n\t\t\t\t<\/a>\n\t\t<a class=\"elementor-element elementor-element-009989b e-con-full e-flex e-con e-child\" data-id=\"009989b\" data-element_type=\"container\" data-e-type=\"container\">\n\t\t\t\t<div class=\"elementor-element elementor-element-65cc2e0 elementor-widget elementor-widget-counter\" data-id=\"65cc2e0\" data-element_type=\"widget\" data-e-type=\"widget\" data-widget_type=\"counter.default\">\n\t\t\t\t<div class=\"elementor-widget-container\">\n\t\t\t\t\t\t\t<div class=\"elementor-counter\">\n\t\t\t<div class=\"elementor-counter-title\">SOLTEN II Granadilla<\/div>\t\t\t<div class=\"elementor-counter-number-wrapper\">\n\t\t\t\t<span class=\"elementor-counter-number-prefix\"><\/span>\n\t\t\t\t<span class=\"elementor-counter-number\" data-duration=\"2000\" data-to-value=\"21.76\" data-from-value=\"0\" data-delimiter=\",\">0<\/span>\n\t\t\t\t<span class=\"elementor-counter-number-suffix\">% participation<\/span>\n\t\t\t<\/div>\n\t\t<\/div>\n\t\t\t\t\t\t<\/div>\n\t\t\t\t<\/div>\n\t\t\t\t<div class=\"elementor-element elementor-element-474ec5b elementor-widget elementor-widget-text-editor\" data-id=\"474ec5b\" data-element_type=\"widget\" data-e-type=\"widget\" data-widget_type=\"text-editor.default\">\n\t\t\t\t<div class=\"elementor-widget-container\">\n\t\t\t\t\t\t\t\t\t<p>TOTAL ASSETS: 29.67M \u20ac<\/p>\t\t\t\t\t\t\t\t<\/div>\n\t\t\t\t<\/div>\n\t\t\t\t<\/a>\n\t\t\t\t<\/div>\n\t\t\t\t\t<\/div>\n\t\t\t\t<\/div>\n\t\t<div class=\"elementor-element elementor-element-73785ae e-flex e-con-boxed e-con e-parent\" data-id=\"73785ae\" data-element_type=\"container\" data-e-type=\"container\" data-settings=\"{&quot;background_background&quot;:&quot;classic&quot;,&quot;background_sd_background&quot;:&quot;classic&quot;}\">\n\t\t\t\t\t<div class=\"e-con-inner\">\n\t\t<div class=\"elementor-element elementor-element-43d5d3d e-con-full e-flex e-con e-child\" data-id=\"43d5d3d\" data-element_type=\"container\" data-e-type=\"container\">\n\t\t<a class=\"elementor-element elementor-element-01a17f0 e-con-full e-flex e-con e-child\" data-id=\"01a17f0\" data-element_type=\"container\" data-e-type=\"container\" data-settings=\"{&quot;background_background&quot;:&quot;classic&quot;,&quot;background_sd_background&quot;:&quot;classic&quot;}\" href=\"https:\/\/\u200bwww.iter.es\/en\/iter\/\">\n\t\t\t\t<div class=\"elementor-element elementor-element-ed42c35 elementor-widget elementor-widget-image\" data-id=\"ed42c35\" data-element_type=\"widget\" data-e-type=\"widget\" data-widget_type=\"image.default\">\n\t\t\t\t<div class=\"elementor-widget-container\">\n\t\t\t\t\t\t\t\t\t\t\t\t\t\t\t<img decoding=\"async\" class=\"attachment-full size-full wp-image-36681 lazyload\" width=\"57\" height=\"57\" src=\"data:image\/svg+xml;base64,PHN2ZyB2aWV3Qm94PScwIDAgNTcgNTcnIHhtbG5zPSdodHRwOi8vd3d3LnczLm9yZy8yMDAwL3N2Zyc+PC9zdmc+\" alt data-src=\"https:\/\/www.iter.es\/wp-content\/uploads\/2025\/02\/Grupo-2787.png\" \/>\t\t\t\t\t\t\t\t\t\t\t\t\t\t\t<\/div>\n\t\t\t\t<\/div>\n\t\t\t\t<div class=\"elementor-element elementor-element-69cd1e5 elementor-widget elementor-widget-text-editor\" data-id=\"69cd1e5\" data-element_type=\"widget\" data-e-type=\"widget\" data-widget_type=\"text-editor.default\">\n\t\t\t\t<div class=\"elementor-widget-container\">\n\t\t\t\t\t\t\t\t\t<p>About us<\/p>\t\t\t\t\t\t\t\t<\/div>\n\t\t\t\t<\/div>\n\t\t\t\t<\/a>\n\t\t<a class=\"elementor-element elementor-element-bf838f6 e-con-full e-flex e-con e-child\" data-id=\"bf838f6\" data-element_type=\"container\" data-e-type=\"container\" data-settings=\"{&quot;background_background&quot;:&quot;classic&quot;,&quot;background_sd_background&quot;:&quot;classic&quot;}\" href=\"https:\/\/\u200bwww.iter.es\/en\/facilities-and-technical-resources\/\">\n\t\t\t\t<div class=\"elementor-element elementor-element-b0e4809 elementor-widget elementor-widget-image\" data-id=\"b0e4809\" data-element_type=\"widget\" data-e-type=\"widget\" data-widget_type=\"image.default\">\n\t\t\t\t<div class=\"elementor-widget-container\">\n\t\t\t\t\t\t\t\t\t\t\t\t\t\t\t<img decoding=\"async\" class=\"attachment-full size-full wp-image-36432 lazyload\" width=\"78\" height=\"78\" src=\"data:image\/svg+xml;base64,PHN2ZyB2aWV3Qm94PScwIDAgNzggNzgnIHhtbG5zPSdodHRwOi8vd3d3LnczLm9yZy8yMDAwL3N2Zyc+PC9zdmc+\" alt data-src=\"https:\/\/www.iter.es\/wp-content\/uploads\/2025\/02\/Grupo-2594-1.png\" \/>\t\t\t\t\t\t\t\t\t\t\t\t\t\t\t<\/div>\n\t\t\t\t<\/div>\n\t\t\t\t<div class=\"elementor-element elementor-element-3c0846c elementor-widget elementor-widget-text-editor\" data-id=\"3c0846c\" data-element_type=\"widget\" data-e-type=\"widget\" data-widget_type=\"text-editor.default\">\n\t\t\t\t<div class=\"elementor-widget-container\">\n\t\t\t\t\t\t\t\t\t<p>Facilities and technical resources<\/p>\t\t\t\t\t\t\t\t<\/div>\n\t\t\t\t<\/div>\n\t\t\t\t<\/a>\n\t\t<a class=\"elementor-element elementor-element-cba019a e-con-full e-flex e-con e-child\" data-id=\"cba019a\" data-element_type=\"container\" data-e-type=\"container\" data-settings=\"{&quot;background_background&quot;:&quot;classic&quot;,&quot;background_sd_background&quot;:&quot;classic&quot;}\" href=\"https:\/\/\u200bwww.iter.es\/en\/history\/\">\n\t\t\t\t<div class=\"elementor-element elementor-element-f7a49ab elementor-widget elementor-widget-image\" data-id=\"f7a49ab\" data-element_type=\"widget\" data-e-type=\"widget\" data-widget_type=\"image.default\">\n\t\t\t\t<div class=\"elementor-widget-container\">\n\t\t\t\t\t\t\t\t\t\t\t\t\t\t\t<img loading=\"lazy\" decoding=\"async\" class=\"attachment-full size-full wp-image-36430 lazyload\" width=\"78\" height=\"78\" src=\"data:image\/svg+xml;base64,PHN2ZyB2aWV3Qm94PScwIDAgNzggNzgnIHhtbG5zPSdodHRwOi8vd3d3LnczLm9yZy8yMDAwL3N2Zyc+PC9zdmc+\" alt data-src=\"https:\/\/www.iter.es\/wp-content\/uploads\/2025\/02\/Grupo-2589-2.png\" \/>\t\t\t\t\t\t\t\t\t\t\t\t\t\t\t<\/div>\n\t\t\t\t<\/div>\n\t\t\t\t<div class=\"elementor-element elementor-element-552a854 elementor-widget elementor-widget-text-editor\" data-id=\"552a854\" data-element_type=\"widget\" data-e-type=\"widget\" data-widget_type=\"text-editor.default\">\n\t\t\t\t<div class=\"elementor-widget-container\">\n\t\t\t\t\t\t\t\t\t<p>Our history<\/p>\t\t\t\t\t\t\t\t<\/div>\n\t\t\t\t<\/div>\n\t\t\t\t<\/a>\n\t\t<a class=\"elementor-element elementor-element-451d443 e-con-full e-flex e-con e-child\" data-id=\"451d443\" data-element_type=\"container\" data-e-type=\"container\" data-settings=\"{&quot;background_background&quot;:&quot;classic&quot;,&quot;background_sd_background&quot;:&quot;classic&quot;}\" href=\"https:\/\/\u200bwww.iter.es\/en\/iter-in-figures\/\">\n\t\t\t\t<div class=\"elementor-element elementor-element-cd91001 elementor-widget elementor-widget-image\" data-id=\"cd91001\" data-element_type=\"widget\" data-e-type=\"widget\" data-widget_type=\"image.default\">\n\t\t\t\t<div class=\"elementor-widget-container\">\n\t\t\t\t\t\t\t\t\t\t\t\t\t\t\t<img loading=\"lazy\" decoding=\"async\" class=\"attachment-full size-full wp-image-36436 lazyload\" width=\"78\" height=\"78\" src=\"data:image\/svg+xml;base64,PHN2ZyB2aWV3Qm94PScwIDAgNzggNzgnIHhtbG5zPSdodHRwOi8vd3d3LnczLm9yZy8yMDAwL3N2Zyc+PC9zdmc+\" alt data-src=\"https:\/\/www.iter.es\/wp-content\/uploads\/2025\/02\/Grupo-2596-1.png\" \/>\t\t\t\t\t\t\t\t\t\t\t\t\t\t\t<\/div>\n\t\t\t\t<\/div>\n\t\t\t\t<div class=\"elementor-element elementor-element-721dc3b elementor-widget elementor-widget-text-editor\" data-id=\"721dc3b\" data-element_type=\"widget\" data-e-type=\"widget\" data-widget_type=\"text-editor.default\">\n\t\t\t\t<div class=\"elementor-widget-container\">\n\t\t\t\t\t\t\t\t\t<p>ITER in figures<\/p>\t\t\t\t\t\t\t\t<\/div>\n\t\t\t\t<\/div>\n\t\t\t\t<\/a>\n\t\t\t\t<\/div>\n\t\t\t\t\t<\/div>\n\t\t\t\t<\/div>\n\t\t\t\t<\/div>\n\t\t","protected":false},"excerpt":{"rendered":"<p>Group entities The ITER Group It is made up of 9 entities in which ITER has different percentages of participation. These entities are: the Tenerife Energy Agency (AIET), E\u00f3licas de Tenerife, Energ\u00eda Verde de la Macaronesia (EVM), EVM2 Energ\u00edas Renovables and SOLTEN II Granadilla, in the field of energy; Canarias Submarine Link (CanaLink) and Instituto<\/p>\n","protected":false},"author":1,"featured_media":0,"parent":0,"menu_order":0,"comment_status":"closed","ping_status":"closed","template":"page-templates\/no-wrapper.php","meta":{"footnotes":""},"class_list":["post-38523","page","type-page","status-publish"],"_links":{"self":[{"href":"https:\/\/www.iter.es\/en\/wp-json\/wp\/v2\/pages\/38523","targetHints":{"allow":["GET"]}}],"collection":[{"href":"https:\/\/www.iter.es\/en\/wp-json\/wp\/v2\/pages"}],"about":[{"href":"https:\/\/www.iter.es\/en\/wp-json\/wp\/v2\/types\/page"}],"author":[{"embeddable":true,"href":"https:\/\/www.iter.es\/en\/wp-json\/wp\/v2\/users\/1"}],"replies":[{"embeddable":true,"href":"https:\/\/www.iter.es\/en\/wp-json\/wp\/v2\/comments?post=38523"}],"version-history":[{"count":2,"href":"https:\/\/www.iter.es\/en\/wp-json\/wp\/v2\/pages\/38523\/revisions"}],"predecessor-version":[{"id":39157,"href":"https:\/\/www.iter.es\/en\/wp-json\/wp\/v2\/pages\/38523\/revisions\/39157"}],"wp:attachment":[{"href":"https:\/\/www.iter.es\/en\/wp-json\/wp\/v2\/media?parent=38523"}],"curies":[{"name":"wp","href":"https:\/\/api.w.org\/{rel}","templated":true}]}}