{"id":38517,"date":"2025-02-21T13:17:30","date_gmt":"2025-02-21T13:17:30","guid":{"rendered":"https:\/\/\u200bnew.iter.es\/genomics\/"},"modified":"2025-03-12T10:18:16","modified_gmt":"2025-03-12T10:18:16","slug":"genomics","status":"publish","type":"page","link":"https:\/\/www.iter.es\/en\/genomics\/","title":{"rendered":"Genomics"},"content":{"rendered":"\t\t<div data-elementor-type=\"wp-page\" data-elementor-id=\"38517\" class=\"elementor elementor-38517 elementor-141\" data-elementor-post-type=\"page\">\n\t\t\t\t<div class=\"elementor-element elementor-element-1b31edd e-flex e-con-boxed e-con e-parent\" data-id=\"1b31edd\" data-element_type=\"container\" data-e-type=\"container\" data-settings=\"{&quot;background_background&quot;:&quot;classic&quot;}\">\n\t\t\t\t\t<div class=\"e-con-inner\">\n\t\t\t\t<div class=\"elementor-element elementor-element-1081f66b elementor-widget elementor-widget-heading\" data-id=\"1081f66b\" data-element_type=\"widget\" data-e-type=\"widget\" data-widget_type=\"heading.default\">\n\t\t\t\t<div class=\"elementor-widget-container\">\n\t\t\t\t\t<h1 class=\"elementor-heading-title elementor-size-default\">Genomics<\/h1>\t\t\t\t<\/div>\n\t\t\t\t<\/div>\n\t\t\t\t\t<\/div>\n\t\t\t\t<\/div>\n\t\t<div class=\"elementor-element elementor-element-6d4bfeeb e-flex e-con-boxed e-con e-parent\" data-id=\"6d4bfeeb\" data-element_type=\"container\" data-e-type=\"container\">\n\t\t\t\t\t<div class=\"e-con-inner\">\n\t\t<div class=\"elementor-element elementor-element-3ed5b0d5 e-con-full e-flex e-con e-child\" data-id=\"3ed5b0d5\" data-element_type=\"container\" data-e-type=\"container\">\n\t\t\t\t<div class=\"elementor-element elementor-element-5d0f2a30 elementor-widget elementor-widget-text-editor\" data-id=\"5d0f2a30\" data-element_type=\"widget\" data-e-type=\"widget\" data-widget_type=\"text-editor.default\">\n\t\t\t\t<div class=\"elementor-widget-container\">\n\t\t\t\t\t\t\t\t\t<p>The Genomics area began its activity in September 2016 as a commitment of the Cabildo Insular de Tenerife and ITER to promote and develop research projects related to the development of Precision Personalised Medicine in the Canary Islands.<\/p><p>The activity of this area allows the development of one of ITER&#8217;s social objectives, in particular, the creation of infrastructures, the training of scientific and technical personnel and the exploitation of the company&#8217;s resources in the field of Biotechnology as an industrial and commercial activity. To this end, the Genomics area has a Molecular Biology laboratory, equipped with new generation DNA sequencers and all the auxiliary instrumentation necessary for the preparation of nucleic acid libraries. <\/p><p>En estas modernas instalaciones es posible la secuenciaci\u00f3n masiva de \u00e1cidos nucleicos empleando diversas metodolog\u00edas como son la secuenciaci\u00f3n de genomas completos (WGS), secuenciaci\u00f3n de exomas completos (WES), transcript\u00f3mica (RNA-Seq), epigen\u00f3mica (MethylSeq), gen\u00f3mica funcional (ChIP-Seq), etc. Adem\u00e1s del empleo de protocolos de secuenciaci\u00f3n est\u00e1ndar como los citados, el laboratorio de Gen\u00f3mica de ITER puede adaptar y configurar protocolos espec\u00edficos para proyectos singulares apoy\u00e1ndose en su laboratorio de Biolog\u00eda Molecular. <\/p><p>The Genomics team is made up of scientific and technical staff specialised in Life Sciences, Biomedicine, Computer Science and Computer Engineering, among others.<\/p>\t\t\t\t\t\t\t\t<\/div>\n\t\t\t\t<\/div>\n\t\t\t\t<\/div>\n\t\t<div class=\"elementor-element elementor-element-9c6033b e-con-full e-flex e-con e-child\" data-id=\"9c6033b\" data-element_type=\"container\" data-e-type=\"container\">\n\t\t\t\t<div class=\"elementor-element elementor-element-6622d34a elementor-widget elementor-widget-text-editor\" data-id=\"6622d34a\" data-element_type=\"widget\" data-e-type=\"widget\" data-widget_type=\"text-editor.default\">\n\t\t\t\t<div class=\"elementor-widget-container\">\n\t\t\t\t\t\t\t\t\t<div class=\"fusion-layout-column fusion_builder_column fusion-builder-column-1 fusion_builder_column_3_5 3_5 fusion-three-fifth fusion-column-last textwhite\"><div class=\"fusion-column-wrapper fusion-flex-column-wrapper-legacy\"><div class=\"fusion-column-content-centered\"><div class=\"fusion-column-content\"><div class=\"fusion-text fusion-text-1\"><p>The network of collaborators includes academic and hospital institutions, as well as national and international scientific entities with which collaboration agreements have been established to promote R&amp;D&amp;I projects in various fields where Genomics offers innovative and efficient solutions.<\/p><p>The Genomics area does not perform on-demand sequencing for individuals. However, due to its dual vocation of scientific research and service, it collaborates with the aforementioned institutions and entities in the design of adapted solutions, experiments, mass sequencing of nucleic acids, data processing and interpretation of the results. <\/p><p>All this activity is channelled through various backbone projects, among which the development of the <em>Massive Genomic Data Analysis Service<\/em>, at the request of the Cabildo Insular de Tenerife, stands out for its relevance and general interest, which has multiple applications in various fields. In addition to those already mentioned, work is being carried out on lines of research and development in population genetics and biodiversity, prevalent diseases, the study of somatic variation, the application of new third-generation mass sequencing technologies, and the creation of an ecosystem of bioinformatics tools for processing BigData, among others. <\/p><\/div><\/div><\/div><div class=\"fusion-clearfix\"> <\/div><\/div><\/div><div class=\"fusion-layout-column fusion_builder_column fusion-builder-column-2 fusion_builder_column_1_1 1_1 fusion-one-full fusion-column-first fusion-column-last fusion-column-no-min-height\"><div class=\"fusion-column-wrapper fusion-flex-column-wrapper-legacy\"><div class=\"fusion-sep-clear\"> <\/div><\/div><\/div>\t\t\t\t\t\t\t\t<\/div>\n\t\t\t\t<\/div>\n\t\t\t\t<\/div>\n\t\t\t\t\t<\/div>\n\t\t\t\t<\/div>\n\t\t<div class=\"elementor-element elementor-element-340462f7 e-flex e-con-boxed e-con e-parent\" data-id=\"340462f7\" data-element_type=\"container\" data-e-type=\"container\">\n\t\t\t\t\t<div class=\"e-con-inner\">\n\t\t\t\t\t<\/div>\n\t\t\t\t<\/div>\n\t\t<div class=\"elementor-element elementor-element-3f769b8d e-flex e-con-boxed e-con e-parent\" data-id=\"3f769b8d\" data-element_type=\"container\" data-e-type=\"container\" data-settings=\"{&quot;background_background&quot;:&quot;classic&quot;,&quot;background_sd_background&quot;:&quot;classic&quot;}\">\n\t\t\t\t\t<div class=\"e-con-inner\">\n\t\t<div class=\"elementor-element elementor-element-28203b1b e-con-full e-flex e-con e-child\" data-id=\"28203b1b\" data-element_type=\"container\" data-e-type=\"container\">\n\t\t<div class=\"elementor-element elementor-element-719c0477 e-con-full e-flex e-con e-child\" data-id=\"719c0477\" data-element_type=\"container\" data-e-type=\"container\">\n\t\t\t\t<div class=\"elementor-element elementor-element-502abd67 elementor-widget elementor-widget-text-editor\" data-id=\"502abd67\" data-element_type=\"widget\" data-e-type=\"widget\" data-widget_type=\"text-editor.default\">\n\t\t\t\t<div class=\"elementor-widget-container\">\n\t\t\t\t\t\t\t\t\t<p>Other areas<\/p>\t\t\t\t\t\t\t\t<\/div>\n\t\t\t\t<\/div>\n\t\t\t\t<\/div>\n\t\t<a class=\"elementor-element elementor-element-5a4b011e e-con-full e-flex e-con e-child\" data-id=\"5a4b011e\" data-element_type=\"container\" data-e-type=\"container\" data-settings=\"{&quot;background_background&quot;:&quot;classic&quot;,&quot;background_sd_background&quot;:&quot;classic&quot;}\" href=\"https:\/\/\u200bwww.iter.es\/en\/renewable-energies\/\">\n\t\t\t\t<div class=\"elementor-element elementor-element-3b2004ca elementor-widget elementor-widget-image\" data-id=\"3b2004ca\" data-element_type=\"widget\" data-e-type=\"widget\" data-widget_type=\"image.default\">\n\t\t\t\t<div class=\"elementor-widget-container\">\n\t\t\t\t\t\t\t\t\t\t\t\t\t\t\t<img decoding=\"async\" width=\"57\" height=\"57\" src=\"https:\/\/www.iter.es\/wp-content\/uploads\/2025\/02\/Grupo-2785.png\" class=\"attachment-full size-full wp-image-36677\" alt=\"\" \/>\t\t\t\t\t\t\t\t\t\t\t\t\t\t\t<\/div>\n\t\t\t\t<\/div>\n\t\t\t\t<div class=\"elementor-element elementor-element-19f90cc3 elementor-widget elementor-widget-text-editor\" data-id=\"19f90cc3\" data-element_type=\"widget\" data-e-type=\"widget\" data-widget_type=\"text-editor.default\">\n\t\t\t\t<div class=\"elementor-widget-container\">\n\t\t\t\t\t\t\t\t\t<p>Renewable Energies<\/p>\t\t\t\t\t\t\t\t<\/div>\n\t\t\t\t<\/div>\n\t\t\t\t<\/a>\n\t\t<a class=\"elementor-element elementor-element-42f749c6 e-con-full e-flex e-con e-child\" data-id=\"42f749c6\" data-element_type=\"container\" data-e-type=\"container\" data-settings=\"{&quot;background_background&quot;:&quot;classic&quot;,&quot;background_sd_background&quot;:&quot;classic&quot;}\" href=\"https:\/\/\u200bwww.iter.es\/en\/environment\/\">\n\t\t\t\t<div class=\"elementor-element elementor-element-463595cc elementor-widget elementor-widget-image\" data-id=\"463595cc\" data-element_type=\"widget\" data-e-type=\"widget\" data-widget_type=\"image.default\">\n\t\t\t\t<div class=\"elementor-widget-container\">\n\t\t\t\t\t\t\t\t\t\t\t\t\t\t\t<img decoding=\"async\" width=\"57\" height=\"57\" src=\"https:\/\/www.iter.es\/wp-content\/uploads\/2025\/02\/Grupo-2787.png\" class=\"attachment-full size-full wp-image-36681\" alt=\"\" \/>\t\t\t\t\t\t\t\t\t\t\t\t\t\t\t<\/div>\n\t\t\t\t<\/div>\n\t\t\t\t<div class=\"elementor-element elementor-element-47018723 elementor-widget elementor-widget-text-editor\" data-id=\"47018723\" data-element_type=\"widget\" data-e-type=\"widget\" data-widget_type=\"text-editor.default\">\n\t\t\t\t<div class=\"elementor-widget-container\">\n\t\t\t\t\t\t\t\t\t<p>Environment<\/p>\t\t\t\t\t\t\t\t<\/div>\n\t\t\t\t<\/div>\n\t\t\t\t<\/a>\n\t\t<a class=\"elementor-element elementor-element-5d3ef35f e-con-full e-flex e-con e-child\" data-id=\"5d3ef35f\" data-element_type=\"container\" data-e-type=\"container\" data-settings=\"{&quot;background_background&quot;:&quot;classic&quot;,&quot;background_sd_background&quot;:&quot;classic&quot;}\" href=\"https:\/\/\u200bwww.iter.es\/tecnologia\/\">\n\t\t\t\t<div class=\"elementor-element elementor-element-4e2bf9e3 elementor-widget elementor-widget-image\" data-id=\"4e2bf9e3\" data-element_type=\"widget\" data-e-type=\"widget\" data-widget_type=\"image.default\">\n\t\t\t\t<div class=\"elementor-widget-container\">\n\t\t\t\t\t\t\t\t\t\t\t\t\t\t\t<img decoding=\"async\" width=\"56\" height=\"57\" src=\"https:\/\/www.iter.es\/wp-content\/uploads\/2025\/02\/Grupo-2788.png\" class=\"attachment-full size-full wp-image-36683\" alt=\"\" \/>\t\t\t\t\t\t\t\t\t\t\t\t\t\t\t<\/div>\n\t\t\t\t<\/div>\n\t\t\t\t<div class=\"elementor-element elementor-element-52db570f elementor-widget elementor-widget-text-editor\" data-id=\"52db570f\" data-element_type=\"widget\" data-e-type=\"widget\" data-widget_type=\"text-editor.default\">\n\t\t\t\t<div class=\"elementor-widget-container\">\n\t\t\t\t\t\t\t\t\t<p>Technology<\/p>\t\t\t\t\t\t\t\t<\/div>\n\t\t\t\t<\/div>\n\t\t\t\t<\/a>\n\t\t\t\t<\/div>\n\t\t\t\t\t<\/div>\n\t\t\t\t<\/div>\n\t\t\t\t<\/div>\n\t\t","protected":false},"excerpt":{"rendered":"<p>Genomics The Genomics area began its activity in September 2016 as a commitment of the Cabildo Insular de Tenerife and ITER to promote and develop research projects related to the development of Precision Personalised Medicine in the Canary Islands. The activity of this area allows the development of one of ITER&#8217;s social objectives, in particular,<\/p>\n","protected":false},"author":1,"featured_media":0,"parent":0,"menu_order":0,"comment_status":"closed","ping_status":"closed","template":"page-templates\/blocks.php","meta":{"footnotes":""},"class_list":["post-38517","page","type-page","status-publish"],"_links":{"self":[{"href":"https:\/\/www.iter.es\/en\/wp-json\/wp\/v2\/pages\/38517","targetHints":{"allow":["GET"]}}],"collection":[{"href":"https:\/\/www.iter.es\/en\/wp-json\/wp\/v2\/pages"}],"about":[{"href":"https:\/\/www.iter.es\/en\/wp-json\/wp\/v2\/types\/page"}],"author":[{"embeddable":true,"href":"https:\/\/www.iter.es\/en\/wp-json\/wp\/v2\/users\/1"}],"replies":[{"embeddable":true,"href":"https:\/\/www.iter.es\/en\/wp-json\/wp\/v2\/comments?post=38517"}],"version-history":[{"count":1,"href":"https:\/\/www.iter.es\/en\/wp-json\/wp\/v2\/pages\/38517\/revisions"}],"predecessor-version":[{"id":38518,"href":"https:\/\/www.iter.es\/en\/wp-json\/wp\/v2\/pages\/38517\/revisions\/38518"}],"wp:attachment":[{"href":"https:\/\/www.iter.es\/en\/wp-json\/wp\/v2\/media?parent=38517"}],"curies":[{"name":"wp","href":"https:\/\/api.w.org\/{rel}","templated":true}]}}